{"id":2798,"date":"2021-05-14T16:54:24","date_gmt":"2021-05-14T14:54:24","guid":{"rendered":"https:\/\/www.tenolan.cz\/produkty\/laminate-folam\/bo-pet-pp-laminat-folam\/"},"modified":"2023-01-17T13:00:02","modified_gmt":"2023-01-17T12:00:02","slug":"bo-pet-pp-laminat-folam","status":"publish","type":"product","link":"https:\/\/www.tenolan.cz\/de\/produkty\/laminate-folam\/bo-pet-pp-laminat-folam\/","title":{"rendered":"BO PET \/ PP-Laminat"},"content":{"rendered":"\n<h4 class=\"wp-block-cgb-block-ftr-product-heading product-block-title\">APPLIkATION<\/h4>\n\n\n\n<ul class=\"wp-block-list\"><li>Herstellung von Lebensmittelverpackungen<ul><li>Herstellung von Lebensmittelverpackungen geeignet f\u00fcr Sterilisation und Pasteurisierung<\/li><li>Herstellung von Verpackungen, geeignet f\u00fcr Langzeitkontakt mit trockenen, w\u00e4ssrigen, sauren, alkoholischen und fetten Lebensmittelarten<\/li><li>Herstellung von Lebensmittelverpackungen f\u00fcr die Verpackung von Fleischprodukten<\/li><\/ul><\/li><li>Herstellung von technischen Verpackungen<\/li><\/ul>\n\n\n\n<hr class=\"wp-block-cgb-block-ftr-product-section-line ftr-product-block-separator\" \/>\n\n\n\n<h4 class=\"wp-block-cgb-block-ftr-product-heading product-block-title\">\u00dcBERSICHT DER laminateBEHANDLUNGEN<\/h4>\n\n\n\n<figure class=\"wp-block-table\"><table><tbody><tr><td class=\"has-text-align-left\" data-align=\"left\"><img loading=\"lazy\" decoding=\"async\" width=\"1000\" height=\"470\" class=\"wp-image-3025\" style=\"width: 750px\" src=\"https:\/\/www.tenolan.cz\/wp-content\/uploads\/sites\/3\/2021\/06\/BOPET-PP-FOLIE-DE.jpg\" alt=\"\" srcset=\"https:\/\/www.tenolan.cz\/wp-content\/uploads\/sites\/3\/2021\/06\/BOPET-PP-FOLIE-DE.jpg 1000w, https:\/\/www.tenolan.cz\/wp-content\/uploads\/sites\/3\/2021\/06\/BOPET-PP-FOLIE-DE-300x141.jpg 300w, https:\/\/www.tenolan.cz\/wp-content\/uploads\/sites\/3\/2021\/06\/BOPET-PP-FOLIE-DE-768x361.jpg 768w, https:\/\/www.tenolan.cz\/wp-content\/uploads\/sites\/3\/2021\/06\/BOPET-PP-FOLIE-DE-825x388.jpg 825w, https:\/\/www.tenolan.cz\/wp-content\/uploads\/sites\/3\/2021\/06\/BOPET-PP-FOLIE-DE-638x300.jpg 638w\" sizes=\"auto, (max-width: 1000px) 100vw, 1000px\" \/><\/td><\/tr><tr><td class=\"has-text-align-left\" data-align=\"left\"><img loading=\"lazy\" decoding=\"async\" width=\"1000\" height=\"470\" class=\"wp-image-3022\" style=\"width: 750px\" src=\"https:\/\/www.tenolan.cz\/wp-content\/uploads\/sites\/3\/2021\/06\/BOPET-PP-FOLIE-ANTIFOG.jpg\" alt=\"\" srcset=\"https:\/\/www.tenolan.cz\/wp-content\/uploads\/sites\/3\/2021\/06\/BOPET-PP-FOLIE-ANTIFOG.jpg 1000w, https:\/\/www.tenolan.cz\/wp-content\/uploads\/sites\/3\/2021\/06\/BOPET-PP-FOLIE-ANTIFOG-300x141.jpg 300w, https:\/\/www.tenolan.cz\/wp-content\/uploads\/sites\/3\/2021\/06\/BOPET-PP-FOLIE-ANTIFOG-768x361.jpg 768w, https:\/\/www.tenolan.cz\/wp-content\/uploads\/sites\/3\/2021\/06\/BOPET-PP-FOLIE-ANTIFOG-825x388.jpg 825w, https:\/\/www.tenolan.cz\/wp-content\/uploads\/sites\/3\/2021\/06\/BOPET-PP-FOLIE-ANTIFOG-638x300.jpg 638w\" sizes=\"auto, (max-width: 1000px) 100vw, 1000px\" \/><\/td><\/tr><\/tbody><\/table><\/figure>\n\n\n\n<h4 class=\"wp-block-heading\"><strong><strong>Weitere Laminatoptionen<\/strong>:<\/strong><\/h4>\n\n\n\n<p>PP-Folien k\u00f6nnen mit jeder BO PET-Folie TENOLAN<sup>\u00ae<\/sup> aus unserem Angebot laminiert werden:<\/p>\n\n\n\n<ul class=\"wp-block-list\"><li>Transparente BO PET-Folien<\/li><li>Farbige BO PET-Folien<\/li><li>Transparente\/farbige BO PET-Ablagerungsfolien (chemische Beschichtung auf Basis von Acrylat oder auf Basis von Polyester-Copolymer)<\/li><li>Metallisierte BO PET-Folien<\/li><\/ul>\n\n\n\n<hr class=\"wp-block-cgb-block-ftr-product-section-line ftr-product-block-separator\" \/>\n\n\n\n<h4 class=\"wp-block-cgb-block-ftr-product-heading product-block-title\">\u00dcBERSICHT \u00fcber die LAMINATTYPEN <\/h4>\n\n\n\n<figure class=\"wp-block-table is-style-stripes\"><table><tbody><tr><td><strong>Typ<\/strong><\/td><td><strong><strong>Spezifikation<\/strong><\/strong><\/td><td><strong><strong>Gesamtdicke<\/strong> <\/strong><\/td><td><\/td><td><strong>\/<\/strong><\/td><td><strong><strong>Schichtdicke<\/strong> <\/strong><\/td><td><strong>(\u00b5m)<\/strong><\/td><td><\/td><td><\/td><td><strong><strong>Anwendung<\/strong><\/strong><\/td><\/tr><tr><td>OABN 0722<\/td><td>BO PET-Folie + PP-Folie<\/td><td>42<br>12\/30<\/td><td>52<br>12\/40<\/td><td>53<br>23\/30<\/td><td>62<br>12\/50<\/td><td>63<br>23\/40<\/td><td>72<br>12\/60<\/td><td>82<br>12\/70<\/td><td>Herstellung von Lebensmittelverpackungen geeignet f\u00fcr Sterilisation und Pasteurisierung<\/td><\/tr><tr><td>OABN 2122<\/td><td>BO PET-Folie + PP-Folie<\/td><td>49<br>19\/30<\/td><td>63<br>23\/40<\/td><td>115<br>75\/40<\/td><td>125<br>75\/50<\/td><td><\/td><td><\/td><td><\/td><td>Herstellung von Lebensmittel- und technischen Verpackungen<\/td><\/tr><tr><td>OABN 0522<\/td><td>BO PET-Folie + PP-Folie mit Anti-Fog-Behandlung<\/td><td>42<br>12\/30<\/td><td>52<br>12\/40<\/td><td><\/td><td><\/td><td><\/td><td><\/td><td><\/td><td>Herstellung von Lebensmittelverpackungen f\u00fcr die Verpackung von Fleischprodukten<\/td><\/tr><\/tbody><\/table><figcaption>Die einzelnen Schichten werden in der gesamten Oberfl\u00e4che mit einem l\u00f6sungsmittelfreien Klebstoff zusammengeklebt.<\/figcaption><\/figure>\n\n\n<div class=\"row contentrow downloads_bar\"><h3 class=\"four columns hcolor\">Zum Herunterladen<\/h3><div class=\"four columns\"><img decoding=\"async\" src=\"https:\/\/www.tenolan.cz\/wp-content\/uploads\/sites\/3\/2018\/04\/infolist-bopet-folie.png\" alt=\"katalog\" class=\"katalog_img\"><ul class=\"selectlike\"><li rel=\"#\"><span class=\"select_title\">Fatra_BO PET-2020-Katalog<\/span><ul class=\"options\"><li rel=\"https:\/\/www.tenolan.cz\/wp-content\/uploads\/sites\/3\/2021\/04\/Fatra_BOPET-2020-Katalog.pdf\" class=\"download_src src\">Fatra_BO PET-2020-Katalog<\/li><li rel=\"https:\/\/www.tenolan.cz\/wp-content\/uploads\/sites\/3\/2018\/04\/Fatra-Folam-balen\u00ed-2015.pdf\" class=\"download_src src\">FATRA FOLAM - Verpackung<\/li><li rel=\"https:\/\/www.tenolan.cz\/wp-content\/uploads\/sites\/3\/2018\/04\/Fatra-Folam-katalogov\u00e9-listy-2015.pdf\" class=\"download_src src\">FATRA FOLAM - Katalogbl\u00e4tter<\/li><li rel=\"https:\/\/www.tenolan.cz\/wp-content\/uploads\/sites\/3\/2018\/04\/Fatra-Folam-p\u0159ehled-v\u00fdrobk\u016f-2015.pdf\" class=\"download_src src\">FATRA FOLAM - Produkt\u00fcbersicht<\/li><li rel=\"https:\/\/www.tenolan.cz\/wp-content\/uploads\/sites\/3\/2018\/04\/Fatra-Folam-zna\u010den\u00ed-2015.pdf\" class=\"download_src src\">FATRA FOLAM - Markierung<\/li><\/ul><\/li><\/div><div class=\"four columns\"><a href=\"https:\/\/www.tenolan.cz\/wp-content\/uploads\/sites\/3\/2021\/04\/Fatra_BOPET-2020-Katalog.pdf\" class=\"button button-primary bgcolor download_button src_button u-pull-right\">Download<\/a><\/div><\/div>\n\n\n\n<h4 class=\"wp-block-cgb-block-ftr-product-heading product-block-title\">Fotogalerie von Laminatanwendungen<\/h4>\n\n\n\n<figure class=\"wp-block-gallery has-nested-images columns-4 is-cropped wp-block-gallery-2 is-layout-flex wp-block-gallery-is-layout-flex\">\n<figure class=\"wp-block-image size-large\"><img loading=\"lazy\" decoding=\"async\" width=\"800\" height=\"600\" data-id=\"2462\" src=\"https:\/\/www.tenolan.cz\/wp-content\/uploads\/sites\/3\/2021\/04\/technicky-obal.jpg\" alt=\"\" class=\"wp-image-2462\" srcset=\"https:\/\/www.tenolan.cz\/wp-content\/uploads\/sites\/3\/2021\/04\/technicky-obal.jpg 800w, https:\/\/www.tenolan.cz\/wp-content\/uploads\/sites\/3\/2021\/04\/technicky-obal-300x225.jpg 300w, https:\/\/www.tenolan.cz\/wp-content\/uploads\/sites\/3\/2021\/04\/technicky-obal-768x576.jpg 768w, https:\/\/www.tenolan.cz\/wp-content\/uploads\/sites\/3\/2021\/04\/technicky-obal-733x550.jpg 733w, https:\/\/www.tenolan.cz\/wp-content\/uploads\/sites\/3\/2021\/04\/technicky-obal-400x300.jpg 400w\" sizes=\"auto, (max-width: 800px) 100vw, 800px\" \/><figcaption>Metallisierte BO PET-Folie &#8211; technische Verpackung<\/figcaption><\/figure>\n\n\n\n<figure class=\"wp-block-image size-large\"><img loading=\"lazy\" decoding=\"async\" width=\"800\" height=\"600\" data-id=\"2459\" src=\"https:\/\/www.tenolan.cz\/wp-content\/uploads\/sites\/3\/2021\/04\/technicky-obal-2.jpg\" alt=\"\" class=\"wp-image-2459\" srcset=\"https:\/\/www.tenolan.cz\/wp-content\/uploads\/sites\/3\/2021\/04\/technicky-obal-2.jpg 800w, https:\/\/www.tenolan.cz\/wp-content\/uploads\/sites\/3\/2021\/04\/technicky-obal-2-300x225.jpg 300w, https:\/\/www.tenolan.cz\/wp-content\/uploads\/sites\/3\/2021\/04\/technicky-obal-2-768x576.jpg 768w, https:\/\/www.tenolan.cz\/wp-content\/uploads\/sites\/3\/2021\/04\/technicky-obal-2-733x550.jpg 733w, https:\/\/www.tenolan.cz\/wp-content\/uploads\/sites\/3\/2021\/04\/technicky-obal-2-400x300.jpg 400w\" sizes=\"auto, (max-width: 800px) 100vw, 800px\" \/><figcaption>Metallisierte Fatra BO PET-Folie &#8211; Verpackungen <\/figcaption><\/figure>\n\n\n\n<figure class=\"wp-block-image size-large\"><img loading=\"lazy\" decoding=\"async\" width=\"800\" height=\"600\" data-id=\"2444\" src=\"https:\/\/www.tenolan.cz\/wp-content\/uploads\/sites\/3\/2021\/04\/role-karton-laminat.jpg\" alt=\"\" class=\"wp-image-2444\" srcset=\"https:\/\/www.tenolan.cz\/wp-content\/uploads\/sites\/3\/2021\/04\/role-karton-laminat.jpg 800w, https:\/\/www.tenolan.cz\/wp-content\/uploads\/sites\/3\/2021\/04\/role-karton-laminat-300x225.jpg 300w, https:\/\/www.tenolan.cz\/wp-content\/uploads\/sites\/3\/2021\/04\/role-karton-laminat-768x576.jpg 768w, https:\/\/www.tenolan.cz\/wp-content\/uploads\/sites\/3\/2021\/04\/role-karton-laminat-733x550.jpg 733w, https:\/\/www.tenolan.cz\/wp-content\/uploads\/sites\/3\/2021\/04\/role-karton-laminat-400x300.jpg 400w\" sizes=\"auto, (max-width: 800px) 100vw, 800px\" \/><figcaption>Fatra BO PET-Laminat- BO PET + Karton<\/figcaption><\/figure>\n\n\n\n<figure class=\"wp-block-image size-large\"><img loading=\"lazy\" decoding=\"async\" width=\"800\" height=\"600\" data-id=\"2414\" src=\"https:\/\/www.tenolan.cz\/wp-content\/uploads\/sites\/3\/2021\/04\/laminat-syr.jpg\" alt=\"\" class=\"wp-image-2414\" srcset=\"https:\/\/www.tenolan.cz\/wp-content\/uploads\/sites\/3\/2021\/04\/laminat-syr.jpg 800w, https:\/\/www.tenolan.cz\/wp-content\/uploads\/sites\/3\/2021\/04\/laminat-syr-300x225.jpg 300w, https:\/\/www.tenolan.cz\/wp-content\/uploads\/sites\/3\/2021\/04\/laminat-syr-768x576.jpg 768w, https:\/\/www.tenolan.cz\/wp-content\/uploads\/sites\/3\/2021\/04\/laminat-syr-733x550.jpg 733w, https:\/\/www.tenolan.cz\/wp-content\/uploads\/sites\/3\/2021\/04\/laminat-syr-400x300.jpg 400w\" sizes=\"auto, (max-width: 800px) 100vw, 800px\" \/><figcaption>Fatra BO PET-Laminat &#8211; K\u00e4severpackung<\/figcaption><\/figure>\n\n\n\n<figure class=\"wp-block-image size-large\"><img loading=\"lazy\" decoding=\"async\" width=\"800\" height=\"600\" data-id=\"2417\" src=\"https:\/\/www.tenolan.cz\/wp-content\/uploads\/sites\/3\/2021\/04\/laminat-uzenina.jpg\" alt=\"\" class=\"wp-image-2417\" srcset=\"https:\/\/www.tenolan.cz\/wp-content\/uploads\/sites\/3\/2021\/04\/laminat-uzenina.jpg 800w, https:\/\/www.tenolan.cz\/wp-content\/uploads\/sites\/3\/2021\/04\/laminat-uzenina-300x225.jpg 300w, https:\/\/www.tenolan.cz\/wp-content\/uploads\/sites\/3\/2021\/04\/laminat-uzenina-768x576.jpg 768w, https:\/\/www.tenolan.cz\/wp-content\/uploads\/sites\/3\/2021\/04\/laminat-uzenina-733x550.jpg 733w, https:\/\/www.tenolan.cz\/wp-content\/uploads\/sites\/3\/2021\/04\/laminat-uzenina-400x300.jpg 400w\" sizes=\"auto, (max-width: 800px) 100vw, 800px\" \/><figcaption>Fatra BO PET-Laminat &#8211; Fischverpackung<\/figcaption><\/figure>\n\n\n\n<figure class=\"wp-block-image size-large\"><img loading=\"lazy\" decoding=\"async\" width=\"800\" height=\"600\" data-id=\"2357\" src=\"https:\/\/www.tenolan.cz\/wp-content\/uploads\/sites\/3\/2021\/04\/fatra-tenolan-BOPET-baleni-bramburek.jpg\" alt=\"\" class=\"wp-image-2357\" srcset=\"https:\/\/www.tenolan.cz\/wp-content\/uploads\/sites\/3\/2021\/04\/fatra-tenolan-BOPET-baleni-bramburek.jpg 800w, https:\/\/www.tenolan.cz\/wp-content\/uploads\/sites\/3\/2021\/04\/fatra-tenolan-BOPET-baleni-bramburek-300x225.jpg 300w, https:\/\/www.tenolan.cz\/wp-content\/uploads\/sites\/3\/2021\/04\/fatra-tenolan-BOPET-baleni-bramburek-768x576.jpg 768w, https:\/\/www.tenolan.cz\/wp-content\/uploads\/sites\/3\/2021\/04\/fatra-tenolan-BOPET-baleni-bramburek-733x550.jpg 733w, https:\/\/www.tenolan.cz\/wp-content\/uploads\/sites\/3\/2021\/04\/fatra-tenolan-BOPET-baleni-bramburek-400x300.jpg 400w\" sizes=\"auto, (max-width: 800px) 100vw, 800px\" \/><figcaption>Fatra BO PET-Folie \u2013 Chipsverpackungen<\/figcaption><\/figure>\n\n\n\n<figure class=\"wp-block-image size-large\"><img loading=\"lazy\" decoding=\"async\" width=\"800\" height=\"600\" data-id=\"2360\" src=\"https:\/\/www.tenolan.cz\/wp-content\/uploads\/sites\/3\/2021\/04\/fatra-tenolan-BOPET-baleni-kavy.jpg\" alt=\"\" class=\"wp-image-2360\" srcset=\"https:\/\/www.tenolan.cz\/wp-content\/uploads\/sites\/3\/2021\/04\/fatra-tenolan-BOPET-baleni-kavy.jpg 800w, https:\/\/www.tenolan.cz\/wp-content\/uploads\/sites\/3\/2021\/04\/fatra-tenolan-BOPET-baleni-kavy-300x225.jpg 300w, https:\/\/www.tenolan.cz\/wp-content\/uploads\/sites\/3\/2021\/04\/fatra-tenolan-BOPET-baleni-kavy-768x576.jpg 768w, https:\/\/www.tenolan.cz\/wp-content\/uploads\/sites\/3\/2021\/04\/fatra-tenolan-BOPET-baleni-kavy-733x550.jpg 733w, https:\/\/www.tenolan.cz\/wp-content\/uploads\/sites\/3\/2021\/04\/fatra-tenolan-BOPET-baleni-kavy-400x300.jpg 400w\" sizes=\"auto, (max-width: 800px) 100vw, 800px\" \/><figcaption>Fatra BO PET-Folie \u2013 Kaffeeverpackungen<\/figcaption><\/figure>\n\n\n\n<figure class=\"wp-block-image size-large\"><img loading=\"lazy\" decoding=\"async\" width=\"800\" height=\"600\" data-id=\"2330\" src=\"https:\/\/www.tenolan.cz\/wp-content\/uploads\/sites\/3\/2021\/04\/fatra-folam-BOPET-podlozka-losos.jpg\" alt=\"\" class=\"wp-image-2330\" srcset=\"https:\/\/www.tenolan.cz\/wp-content\/uploads\/sites\/3\/2021\/04\/fatra-folam-BOPET-podlozka-losos.jpg 800w, https:\/\/www.tenolan.cz\/wp-content\/uploads\/sites\/3\/2021\/04\/fatra-folam-BOPET-podlozka-losos-300x225.jpg 300w, https:\/\/www.tenolan.cz\/wp-content\/uploads\/sites\/3\/2021\/04\/fatra-folam-BOPET-podlozka-losos-768x576.jpg 768w, https:\/\/www.tenolan.cz\/wp-content\/uploads\/sites\/3\/2021\/04\/fatra-folam-BOPET-podlozka-losos-733x550.jpg 733w, https:\/\/www.tenolan.cz\/wp-content\/uploads\/sites\/3\/2021\/04\/fatra-folam-BOPET-podlozka-losos-400x300.jpg 400w\" sizes=\"auto, (max-width: 800px) 100vw, 800px\" \/><figcaption>Fatra BO PET-Laminat &#8211; Unterlagen unter dem Lachs <\/figcaption><\/figure>\n\n\n\n<figure class=\"wp-block-image size-large\"><img loading=\"lazy\" decoding=\"async\" width=\"800\" height=\"600\" data-id=\"2321\" src=\"https:\/\/www.tenolan.cz\/wp-content\/uploads\/sites\/3\/2021\/04\/fatra-folam-BOPET-krabicky.jpg\" alt=\"\" class=\"wp-image-2321\" srcset=\"https:\/\/www.tenolan.cz\/wp-content\/uploads\/sites\/3\/2021\/04\/fatra-folam-BOPET-krabicky.jpg 800w, https:\/\/www.tenolan.cz\/wp-content\/uploads\/sites\/3\/2021\/04\/fatra-folam-BOPET-krabicky-300x225.jpg 300w, https:\/\/www.tenolan.cz\/wp-content\/uploads\/sites\/3\/2021\/04\/fatra-folam-BOPET-krabicky-768x576.jpg 768w, https:\/\/www.tenolan.cz\/wp-content\/uploads\/sites\/3\/2021\/04\/fatra-folam-BOPET-krabicky-733x550.jpg 733w, https:\/\/www.tenolan.cz\/wp-content\/uploads\/sites\/3\/2021\/04\/fatra-folam-BOPET-krabicky-400x300.jpg 400w\" sizes=\"auto, (max-width: 800px) 100vw, 800px\" \/><figcaption>Fatra BO PET-Laminat \u2013 Schachteln<\/figcaption><\/figure>\n\n\n\n<figure class=\"wp-block-image size-large\"><img loading=\"lazy\" decoding=\"async\" width=\"800\" height=\"600\" data-id=\"2318\" src=\"https:\/\/www.tenolan.cz\/wp-content\/uploads\/sites\/3\/2021\/04\/fatra-folam-BOPET-baleni-masa.jpg\" alt=\"\" class=\"wp-image-2318\" srcset=\"https:\/\/www.tenolan.cz\/wp-content\/uploads\/sites\/3\/2021\/04\/fatra-folam-BOPET-baleni-masa.jpg 800w, https:\/\/www.tenolan.cz\/wp-content\/uploads\/sites\/3\/2021\/04\/fatra-folam-BOPET-baleni-masa-300x225.jpg 300w, https:\/\/www.tenolan.cz\/wp-content\/uploads\/sites\/3\/2021\/04\/fatra-folam-BOPET-baleni-masa-768x576.jpg 768w, https:\/\/www.tenolan.cz\/wp-content\/uploads\/sites\/3\/2021\/04\/fatra-folam-BOPET-baleni-masa-733x550.jpg 733w, https:\/\/www.tenolan.cz\/wp-content\/uploads\/sites\/3\/2021\/04\/fatra-folam-BOPET-baleni-masa-400x300.jpg 400w\" sizes=\"auto, (max-width: 800px) 100vw, 800px\" \/><figcaption>Fatra BO PET-FOlie &#8211; Verpackung von Fleischprodukten <\/figcaption><\/figure>\n\n\n\n<figure class=\"wp-block-image size-large\"><img loading=\"lazy\" decoding=\"async\" width=\"800\" height=\"600\" data-id=\"2285\" src=\"https:\/\/www.tenolan.cz\/wp-content\/uploads\/sites\/3\/2021\/04\/baleni-bonbonu.jpg\" alt=\"\" class=\"wp-image-2285\" srcset=\"https:\/\/www.tenolan.cz\/wp-content\/uploads\/sites\/3\/2021\/04\/baleni-bonbonu.jpg 800w, https:\/\/www.tenolan.cz\/wp-content\/uploads\/sites\/3\/2021\/04\/baleni-bonbonu-300x225.jpg 300w, https:\/\/www.tenolan.cz\/wp-content\/uploads\/sites\/3\/2021\/04\/baleni-bonbonu-768x576.jpg 768w, https:\/\/www.tenolan.cz\/wp-content\/uploads\/sites\/3\/2021\/04\/baleni-bonbonu-733x550.jpg 733w, https:\/\/www.tenolan.cz\/wp-content\/uploads\/sites\/3\/2021\/04\/baleni-bonbonu-400x300.jpg 400w\" sizes=\"auto, (max-width: 800px) 100vw, 800px\" \/><figcaption>Fatra BO PET-Folie &#8211; Bonbonverpackung <\/figcaption><\/figure>\n\n\n\n<figure class=\"wp-block-image size-large\"><img loading=\"lazy\" decoding=\"async\" width=\"1024\" height=\"683\" data-id=\"577\" src=\"https:\/\/www.tenolan.cz\/wp-content\/uploads\/sites\/3\/2018\/04\/Folam-1-1024x683.jpg\" alt=\"\" class=\"wp-image-577\" \/><figcaption>Fatra BO PET-Laminat<\/figcaption><\/figure>\n<\/figure>\n\n\n<div class=\"row contentrow downloads_bar\"><h3 class=\"four columns hcolor\">Zum Herunterladen<\/h3><div class=\"four columns\"><img decoding=\"async\" src=\"https:\/\/www.tenolan.cz\/wp-content\/themes\/fatra\/assets\/katalog.png\" alt=\"katalog\" class=\"katalog_img\"><ul class=\"selectlike\"><li rel=\"#\"><span class=\"select_title\">Fatra_BO PET-2020-Katalog<\/span><ul class=\"options\"><li rel=\"https:\/\/www.tenolan.cz\/wp-content\/uploads\/sites\/3\/2021\/04\/Fatra_BOPET-2020-Katalog.pdf\" class=\"download_src src\">Fatra_BO PET-2020-Katalog<\/li><li rel=\"https:\/\/www.tenolan.cz\/wp-content\/uploads\/sites\/3\/2018\/04\/Fatra-Folam-balen\u00ed-2015.pdf\" class=\"download_src src\">FATRA FOLAM - Verpackung<\/li><li rel=\"https:\/\/www.tenolan.cz\/wp-content\/uploads\/sites\/3\/2018\/04\/Fatra-Folam-katalogov\u00e9-listy-2015.pdf\" class=\"download_src src\">FATRA FOLAM - Katalogbl\u00e4tter<\/li><li rel=\"https:\/\/www.tenolan.cz\/wp-content\/uploads\/sites\/3\/2018\/04\/Fatra-Folam-p\u0159ehled-v\u00fdrobk\u016f-2015.pdf\" class=\"download_src src\">FATRA FOLAM - Produkt\u00fcbersicht<\/li><li rel=\"https:\/\/www.tenolan.cz\/wp-content\/uploads\/sites\/3\/2018\/04\/Fatra-Folam-zna\u010den\u00ed-2015.pdf\" class=\"download_src src\">FATRA FOLAM - Markierung<\/li><\/ul><\/li><\/div><div class=\"four columns\"><a href=\"https:\/\/www.tenolan.cz\/wp-content\/uploads\/sites\/3\/2021\/04\/Fatra_BOPET-2020-Katalog.pdf\" class=\"button button-primary bgcolor download_button src_button u-pull-right\">Download<\/a><\/div><\/div>\n\n\n\n<hr class=\"wp-block-cgb-block-ftr-product-section-line ftr-product-block-separator\" \/>\n\n\n\n<h4 class=\"wp-block-cgb-block-ftr-product-heading product-block-title\">kontaktE<\/h4>\n\n\n\n<div class=\"wp-block-columns is-layout-flex wp-container-core-columns-is-layout-1 wp-block-columns-is-layout-flex\">\n<div class=\"wp-block-column is-layout-flow wp-block-column-is-layout-flow\">\n<p>Interessieren Sie sich f\u00fcr das o.a. Produkt, k\u00f6nnen Sie direkt die Handelsabteilung der Firma Fatra, a.s. kontaktieren:<\/p>\n<\/div>\n\n\n\n<div class=\"wp-block-column is-layout-flow wp-block-column-is-layout-flow\">\n<p><strong><strong><strong>Verkauf&nbsp;<\/strong><\/strong>&#8211; CZ+SK<\/strong><\/p>\n\n\n\n<p>Tel.: +420&nbsp;573&nbsp;329&nbsp;429<br>Mobil: +420&nbsp;724&nbsp;405&nbsp;864<br>Email: <a href=\"mailto:tenolan@fatra.cz\">tenolan@fatra.cz<\/a><\/p>\n<\/div>\n\n\n\n<div class=\"wp-block-column is-layout-flow wp-block-column-is-layout-flow\">\n<p><strong><strong><strong>Verkauf&nbsp;<\/strong><\/strong>&#8211; Europa<\/strong><\/p>\n\n\n\n<p>Tel.: +420&nbsp;573&nbsp;329&nbsp;134<br>Mobil: +420&nbsp;724&nbsp;405&nbsp;895<br>Email: <a href=\"mailto:tenolan@fatra.cz\">tenolan@fatra.cz<\/a><\/p>\n<\/div>\n<\/div>\n\n\n\n<p><\/p>\n","protected":false},"excerpt":{"rendered":"<p>FOLAM\u00ae ist eine Schutzmarke, die f\u00fcr mehrschichtige laminierte Materialien verwendet wird, die von Fatra, a.s. hergestellt werden. Diese Fl\u00e4chenmaterialien sind \u00fcberwiegend folienartig, wobei die Grundschicht aus der BO PET-Folie besteht.<br \/>\nMehrschichtige laminierte Folien FOLAM\u00ae sind vor allem zur Herstellung von Verpackungen bestimmt.<br \/>\nBeim Entwurf einer Verpackung ist es empfehlenswert, die Kombination von guten Sperreigenschaften des Basismaterials BO PET sowie die gute Verschwei\u00dfbarkeit der Zusatzmaterialien (PE, PP) auszunutzen.<br \/>\nDas Sperrverm\u00f6gen l\u00e4sst sich durch die Al-Metallisierung erh\u00f6hen, das Aussehen durch das Durchf\u00e4rben der BO PET-Folie in der Masse verbessern.<br \/>\nDas Angebot umfasst auch spezielle Laminatsorten FOLAM\u00ae, die f\u00fcr technische Zwecke bestimmt sind.<\/p>\n","protected":false},"featured_media":2318,"parent":571,"menu_order":2,"template":"","product_color":[],"product_use":[],"class_list":["post-2798","product","type-product","status-publish","has-post-thumbnail","hentry"],"_links":{"self":[{"href":"https:\/\/www.tenolan.cz\/de\/wp-json\/wp\/v2\/product\/2798","targetHints":{"allow":["GET"]}}],"collection":[{"href":"https:\/\/www.tenolan.cz\/de\/wp-json\/wp\/v2\/product"}],"about":[{"href":"https:\/\/www.tenolan.cz\/de\/wp-json\/wp\/v2\/types\/product"}],"version-history":[{"count":0,"href":"https:\/\/www.tenolan.cz\/de\/wp-json\/wp\/v2\/product\/2798\/revisions"}],"up":[{"embeddable":true,"href":"https:\/\/www.tenolan.cz\/de\/wp-json\/wp\/v2\/product\/571"}],"wp:featuredmedia":[{"embeddable":true,"href":"https:\/\/www.tenolan.cz\/de\/wp-json\/wp\/v2\/media\/2318"}],"wp:attachment":[{"href":"https:\/\/www.tenolan.cz\/de\/wp-json\/wp\/v2\/media?parent=2798"}],"wp:term":[{"taxonomy":"product_color","embeddable":true,"href":"https:\/\/www.tenolan.cz\/de\/wp-json\/wp\/v2\/product_color?post=2798"},{"taxonomy":"product_use","embeddable":true,"href":"https:\/\/www.tenolan.cz\/de\/wp-json\/wp\/v2\/product_use?post=2798"}],"curies":[{"name":"wp","href":"https:\/\/api.w.org\/{rel}","templated":true}]}}